{"id":102,"date":"2025-02-11T10:12:52","date_gmt":"2025-02-11T10:12:52","guid":{"rendered":"https:\/\/sangarkv.ee\/?page_id=102"},"modified":"2025-05-18T20:31:32","modified_gmt":"2025-05-18T20:31:32","slug":"sangar-kinnisvara","status":"publish","type":"page","link":"https:\/\/sangarkv.ee\/","title":{"rendered":"Sangar Kinnisvara"},"content":{"rendered":"<div id=\"sp-page\" class=\"spBgcover sp-content-1\" style=\"background-color: rgb(255, 255, 255); font-family: Poppins, sans-serif; font-weight: 400;\">\n<section id=\"sp-ri2v48\" data-mobile-visibility=\"#sp-ri2v48|false\" data-tablet-visibility=\"#sp-ri2v48|false\" data-desktop-visibility=\"#sp-ri2v48|false\" data-mobile-css=\"\" data-tablet-css=\"\" class=\"sp-el-section  spBgcoverscroll\" style=\"background-image: linear-gradient(0deg, rgba(217, 142, 139, 0), rgba(217, 142, 139, 0)), url('https:\/\/sangarkv.ee\/wp-content\/uploads\/2021\/07\/architecture-1048092_1920-e1626386556189.jpg'); background-color: rgb(217, 142, 139); width: 100%; max-width: 100%; padding: 0px; border-radius: 0px;\">\n<div id=\"sp-f48337\" data-mobile-visibility=\"#sp-f48337|false\" data-tablet-visibility=\"#sp-f48337|false\" data-desktop-visibility=\"#sp-f48337|false\" data-mobile-css=\"\" data-tablet-css=\"\" class=\"sp-el-row sp-w-full  sp-m-auto sp-flex sp-flex-row sp-justify-center sp-items-end\" style=\"padding: 0px; width: auto; max-width: 1000px;\">\n<div id=\"sp-ocbipu\" data-mobile-visibility=\"#sp-ocbipu|false\" data-tablet-visibility=\"#sp-ocbipu|false\" data-desktop-visibility=\"#sp-ocbipu|false\" data-mobile-css=\"\" data-tablet-css=\"\" class=\"sp-el-col  sp-w-full\" style=\"width: calc(100% + 0px);\"><span href=\"\" target=\"\" rel=\"\" class=\"sp-header-block-link\" style=\"text-decoration: none;\"><\/p>\n<h1 id=\"sp-vg2cvc\" data-mobile-css=\".sp-headline-block-vg2cvc, #sp-vg2cvc, #vg2cvc|text-align:center;\" data-tablet-css=\".sp-headline-block-vg2cvc, #sp-vg2cvc, #vg2cvc|text-align:center;\" data-mobile-visibility=\".sp-headline-block-vg2cvc|false\" data-tablet-visibility=\".sp-headline-block-vg2cvc|false\" data-desktop-visibility=\".sp-headline-block-vg2cvc|false\" class=\"sp-css-target sp-el-block sp-headline-block-vg2cvc sp-type-header\" style=\"font-size: 72px; text-shadow: rgba(0, 0, 0, 0.4) 2px 2px 4px; text-align: left; margin: 150px 0px 0px;\">Sangar kinnisvara<\/h1>\n<p><\/span><\/p>\n<div id=\"sp-qjfmo0\" data-mobile-css=\".sp-text-wrapper-qjfmo0, #sp-qjfmo0, #qjfmo0|text-align:left;\" data-tablet-css=\".sp-text-wrapper-qjfmo0, #sp-qjfmo0, #qjfmo0|text-align:left;\" data-mobile-visibility=\".sp-text-wrapper-qjfmo0|false\" data-tablet-visibility=\".sp-text-wrapper-qjfmo0|false\" data-desktop-visibility=\".sp-text-wrapper-qjfmo0|false\" class=\"sp-css-target sp-text-wrapper sp-el-block sp-text-block-style sp-text-wrapper-qjfmo0\" style=\"font-size: 20px; text-shadow: rgba(0, 0, 0, 0.4) 2px 2px 4px; margin: 0px; text-align: left;\">\n<p>Pakume kaasaegseid ja funktsionaalseid \u00e4riruume soodsate hindadega alates <strong data-start=\"295\" data-end=\"307\">5-6 \u20ac\/m\u00b2<\/strong><\/p>\n<\/div>\n<\/div>\n<\/div>\n<\/section>\n<section id=\"sp-nvqo7g\" data-mobile-visibility=\"#sp-nvqo7g|false\" data-tablet-visibility=\"#sp-nvqo7g|false\" data-desktop-visibility=\"#sp-nvqo7g|false\" data-mobile-css=\"\" data-tablet-css=\"\" class=\"sp-el-section \" style=\"width: 100%; max-width: 100%; padding: 10px; margin-top: 80px;\">\n<div id=\"sp-ek42xo\" data-mobile-visibility=\"#sp-ek42xo|false\" data-tablet-visibility=\"#sp-ek42xo|false\" data-desktop-visibility=\"#sp-ek42xo|false\" data-mobile-css=\"\" data-tablet-css=\"\" class=\"sp-el-row sp-w-full  sp-m-auto sm:sp-flex sp-justify-between\" style=\"padding: 0px; width: auto; max-width: 1000px;\">\n<div id=\"sp-mylas8\" data-mobile-visibility=\"#sp-mylas8|false\" data-tablet-visibility=\"#sp-mylas8|false\" data-desktop-visibility=\"#sp-mylas8|false\" data-mobile-css=\"\" data-tablet-css=\"\" class=\"sp-el-col  sp-w-full\" style=\"width: calc(50% + 0px);\">\n<figure id=\"sp-g5yeva\" data-mobile-css=\"#sp-g5yeva|text-align:center;\" data-tablet-css=\"#sp-g5yeva|text-align:center;\" class=\"sp-image-wrapper sp-el-block\" style=\"margin: 0px; text-align: center;\">\n<div><span><img loading=\"lazy\" decoding=\"async\" src=\"https:\/\/sangarkv.ee\/wp-content\/uploads\/2021\/07\/conference-room-768441_1280.jpg\" alt=\"\" width=\"1280\" height=\"853\" data-dynamic-tag=\"\" data-image-src=\"wpmedia\" data-mobile-visibility=\".sp-image-block-g5yeva|false\" data-tablet-visibility=\".sp-image-block-g5yeva|false\" data-desktop-visibility=\".sp-image-block-g5yeva|false\" srcset=\" https:\/\/sangarkv.ee\/wp-content\/uploads\/2021\/07\/conference-room-768441_1280-150x150.jpg 150w, https:\/\/sangarkv.ee\/wp-content\/uploads\/2021\/07\/conference-room-768441_1280-300x200.jpg 300w, https:\/\/sangarkv.ee\/wp-content\/uploads\/2021\/07\/conference-room-768441_1280-1024x682.jpg 1024w, https:\/\/sangarkv.ee\/wp-content\/uploads\/2021\/07\/conference-room-768441_1280.jpg 1280w\" class=\"sp-image-block-g5yeva custom-preview-class\" style=\"width: 1280%;\"><\/span><\/div>\n<div id=\"sp-image-dynamic-tags-js-g5yeva\"><script>jQuery(function() { image_dynamic_tags('g5yeva' );});<\/script><\/div>\n<\/figure>\n<\/div>\n<div id=\"sp-gyksfz\" data-mobile-visibility=\"#sp-gyksfz|false\" data-tablet-visibility=\"#sp-gyksfz|false\" data-desktop-visibility=\"#sp-gyksfz|false\" data-mobile-css=\"\" data-tablet-css=\"\" class=\"sp-el-col  sp-w-full\" style=\"background-color: rgb(6, 97, 147); width: calc(50% + 0px); margin-top: 0px;\"><span href=\"\" target=\"\" rel=\"\" class=\"sp-header-block-link\" style=\"text-decoration: none;\"><\/p>\n<h2 id=\"sp-l4bust\" data-mobile-css=\".sp-headline-block-l4bust, #sp-l4bust, #l4bust|text-align:center;\" data-tablet-css=\".sp-headline-block-l4bust, #sp-l4bust, #l4bust|text-align:center;\" data-mobile-visibility=\".sp-headline-block-l4bust|false\" data-tablet-visibility=\".sp-headline-block-l4bust|false\" data-desktop-visibility=\".sp-headline-block-l4bust|false\" class=\"sp-css-target sp-el-block sp-headline-block-l4bust sp-type-header\" style=\"font-size: 46px; text-shadow: rgba(0, 0, 0, 0.4) 2px 2px 4px; text-align: left; margin: 19px 0px 0px;\">K\u00f5ik mis sulle vaja on siin<\/h2>\n<p><\/span><\/p>\n<div id=\"sp-urdgpa\" data-mobile-css=\".sp-text-wrapper-urdgpa, #sp-urdgpa, #urdgpa|text-align:left;\" data-tablet-css=\".sp-text-wrapper-urdgpa, #sp-urdgpa, #urdgpa|text-align:left;\" data-mobile-visibility=\".sp-text-wrapper-urdgpa|false\" data-tablet-visibility=\".sp-text-wrapper-urdgpa|false\" data-desktop-visibility=\".sp-text-wrapper-urdgpa|false\" class=\"sp-css-target sp-text-wrapper sp-el-block sp-text-wrapper-urdgpa\" style=\"text-shadow: rgba(0, 0, 0, 0.4) 2px 2px 4px; margin: 5px 0px 0px; text-align: left;\">\n<ul>\n<li>Hea asukoht ja ligip\u00e4\u00e4setavus<\/li>\n<li>Erinevad suurused ja paindlikud lahendused<\/li>\n<li>Konkurentsiv\u00f5imelised hinnad<\/li>\n<li>Kohene sissekolimise v\u00f5imalus<\/li>\n<\/ul>\n<p>&nbsp;<\/p>\n<\/div>\n<div id=\"sp-button-parent-zsot1b\" data-mobile-css=\"#sp-button-parent-zsot1b|text-align:center;\" data-tablet-css=\"#sp-button-parent-zsot1b|text-align:center;\" class=\"sp-button-wrapper sp-el-block\" style=\"margin: 18px 0px 0px;\"><a href=\"https:\/\/sangarkv.ee\/?page_id=42\" id=\"sp-zsot1b\" data-mobile-css=\"\" data-tablet-css=\"\" data-mobile-visibility=\".sp-button-zsot1b|false\" data-tablet-visibility=\".sp-button-zsot1b|false\" data-desktop-visibility=\".sp-button-zsot1b|false\" target=\"\" rel=\"\" class=\"sp-button sp-css-target sp-text-center sp-inline-block sp-leading-none sp-button-zsot1b\" style=\"text-transform: uppercase; font-size: 22px; background: rgb(255, 255, 255); color: rgb(0, 0, 0); width: 100%; padding: 16px 20px;\"><span><strong>Vaata pakkumisi<\/strong><\/span><span><span id=\"sp-button-sub-text-zsot1b\" data-mobile-css=\"\" data-tablet-css=\"\" class=\"sp-button-sub-txt sp-block sp-mt-1 sp-opacity-75\" style=\"font-size: 16px; line-height: 1;\">V\u00f5ta \u00fchendust<\/span><\/span><\/a><\/div>\n<div id=\"sp-v22edi\" data-mobile-css=\"#sp-v22edi|height:40px;\" data-tablet-css=\"#sp-v22edi|height:10px;\" class=\"sp-spacer\" style=\"height: 27px;\"><\/div>\n<\/div>\n<\/div>\n<\/section>\n<section id=\"sp-adhgvt\" data-mobile-visibility=\"#sp-adhgvt|false\" data-tablet-visibility=\"#sp-adhgvt|false\" data-desktop-visibility=\"#sp-adhgvt|false\" data-mobile-css=\"\" data-tablet-css=\"\" class=\"sp-el-section \" style=\"background-color: rgb(0, 0, 0); width: 100%; max-width: 100%; padding: 10px; margin-top: 100px;\">\n<div id=\"sp-he7l32\" data-mobile-visibility=\"#sp-he7l32|false\" data-tablet-visibility=\"#sp-he7l32|false\" data-desktop-visibility=\"#sp-he7l32|false\" data-mobile-css=\"\" data-tablet-css=\"\" class=\"sp-el-row sp-w-full  sp-m-auto sm:sp-flex sp-justify-between\" style=\"padding: 0px; width: auto; max-width: 1000px; margin-top: 36px;\">\n<div id=\"sp-xs9mic\" data-mobile-visibility=\"#sp-xs9mic|false\" data-tablet-visibility=\"#sp-xs9mic|false\" data-desktop-visibility=\"#sp-xs9mic|false\" data-mobile-css=\"\" data-tablet-css=\"\" class=\"sp-el-col  sp-w-full\" style=\"width: calc(100% + 0px);\"><span href=\"\" target=\"\" rel=\"\" class=\"sp-header-block-link\" style=\"text-decoration: none;\"><\/p>\n<h2 id=\"sp-yhjc0n\" data-mobile-css=\".sp-headline-block-yhjc0n, #sp-yhjc0n, #yhjc0n|text-align:center;\" data-tablet-css=\".sp-headline-block-yhjc0n, #sp-yhjc0n, #yhjc0n|text-align:center;\" data-mobile-visibility=\".sp-headline-block-yhjc0n|false\" data-tablet-visibility=\".sp-headline-block-yhjc0n|false\" data-desktop-visibility=\".sp-headline-block-yhjc0n|false\" class=\"sp-css-target sp-el-block sp-headline-block-yhjc0n sp-type-header\" style=\"font-size: 46px; text-align: left; margin: 19px 0px 0px;\">Asukoht &amp; Kontakt (Location &amp; Contact)<\/h2>\n<p><\/span><\/div>\n<\/div>\n<div id=\"sp-zoax0d\" data-mobile-visibility=\"#sp-zoax0d|false\" data-tablet-visibility=\"#sp-zoax0d|false\" data-desktop-visibility=\"#sp-zoax0d|false\" data-mobile-css=\"\" data-tablet-css=\"\" class=\"sp-el-row sp-w-full  sp-m-auto sm:sp-flex sp-justify-between\" style=\"padding: 0px; width: auto; max-width: 1000px; margin-top: 40px;\">\n<div id=\"sp-t6nwzc\" data-mobile-visibility=\"#sp-t6nwzc|false\" data-tablet-visibility=\"#sp-t6nwzc|false\" data-desktop-visibility=\"#sp-t6nwzc|false\" data-mobile-css=\"\" data-tablet-css=\"\" class=\"sp-el-col  sp-w-full\" style=\"width: calc(50% + 0px);\">\n<div id=\"sp-b6vhom\" data-mobile-css=\"#sp-b6vhom|height:40px;\" data-tablet-css=\"#sp-b6vhom|height:10px;\" class=\"sp-spacer\" style=\"height: 60px;\"><\/div>\n<div id=\"sp-uluf31\" data-mobile-css=\".sp-text-wrapper-uluf31, #sp-uluf31, #uluf31|text-align:left;\" data-tablet-css=\".sp-text-wrapper-uluf31, #sp-uluf31, #uluf31|text-align:left;\" data-mobile-visibility=\".sp-text-wrapper-uluf31|false\" data-tablet-visibility=\".sp-text-wrapper-uluf31|false\" data-desktop-visibility=\".sp-text-wrapper-uluf31|false\" class=\"sp-css-target sp-text-wrapper sp-el-block sp-text-wrapper-uluf31\" style=\"font-size: 20px; margin: 0px; text-align: left;\">\n<ul>\n<li data-start=\"1458\" data-end=\"1504\"><strong data-start=\"1460\" data-end=\"1481\">Google Maps kaart <a href=\"https:\/\/maps.app.goo.gl\/5obvHTvMNnpzxdVg9\">Kliki Siia<\/a><\/strong><\/li>\n<li data-start=\"1508\" data-end=\"1539\"><strong data-start=\"1510\" data-end=\"1522\">Aadress:<\/strong> S\u00f5pruse pst 2\/1, 50703 Tartu linn<\/li>\n<li data-start=\"1543\" data-end=\"1575\"><strong data-start=\"1545\" data-end=\"1557\">Telefon:<\/strong> +372 510 4525<\/li>\n<li data-start=\"1579\" data-end=\"1615\"><strong data-start=\"1581\" data-end=\"1592\">E-mail:<\/strong> <a rel=\"noopener\">info@sangarkv.ee<\/a><\/li>\n<\/ul>\n<\/div>\n<div id=\"sp-button-parent-y2bxj3\" data-mobile-css=\"#sp-button-parent-y2bxj3|text-align:center;\" data-tablet-css=\"#sp-button-parent-y2bxj3|text-align:center;\" class=\"sp-button-wrapper sp-el-block\" style=\"margin: 18px 0px 0px;\"><a href=\"tel:+3725104525\" id=\"sp-y2bxj3\" data-mobile-css=\"\" data-tablet-css=\"\" data-mobile-visibility=\".sp-button-y2bxj3|false\" data-tablet-visibility=\".sp-button-y2bxj3|false\" data-desktop-visibility=\".sp-button-y2bxj3|false\" target=\"\" rel=\"\" class=\"sp-button sp-css-target sp-text-center sp-inline-block sp-leading-none sp-button-y2bxj3\" style=\"text-transform: uppercase; font-size: 22px; background: linear-gradient(-180deg, rgb(124, 179, 66), rgb(106, 153, 56) 90%); color: rgb(255, 255, 255); width: 100%; padding: 16px 20px; border-radius: 4px; box-shadow: rgba(255, 255, 255, 0.2) 0px 1px 0px inset;\"><span>Helista 510 4525<\/span><\/a><\/div>\n<\/div>\n<div id=\"sp-nsm156\" data-mobile-visibility=\"#sp-nsm156|false\" data-tablet-visibility=\"#sp-nsm156|false\" data-desktop-visibility=\"#sp-nsm156|false\" data-mobile-css=\"\" data-tablet-css=\"\" class=\"sp-el-col  sp-w-full\" style=\"width: calc(50% + 0px);\">\n<figure id=\"sp-zuarx3\" data-mobile-css=\"#sp-zuarx3|text-align:center;\" data-tablet-css=\"#sp-zuarx3|text-align:center;\" class=\"sp-image-wrapper sp-el-block\" style=\"margin: 0px; text-align: center;\">\n<div><span><img loading=\"lazy\" decoding=\"async\" src=\"https:\/\/sangarkv.ee\/wp-content\/uploads\/2025\/02\/pexels-shkrabaanthony-6620970-scaled.jpg\" alt=\"\" width=\"1707\" height=\"2560\" data-dynamic-tag=\"\" data-image-src=\"wpmedia\" data-mobile-visibility=\".sp-image-block-zuarx3|false\" data-tablet-visibility=\".sp-image-block-zuarx3|false\" data-desktop-visibility=\".sp-image-block-zuarx3|false\" srcset=\" https:\/\/sangarkv.ee\/wp-content\/uploads\/2025\/02\/pexels-shkrabaanthony-6620970-150x150.jpg 150w, https:\/\/sangarkv.ee\/wp-content\/uploads\/2025\/02\/pexels-shkrabaanthony-6620970-200x300.jpg 200w, https:\/\/sangarkv.ee\/wp-content\/uploads\/2025\/02\/pexels-shkrabaanthony-6620970-683x1024.jpg 683w, https:\/\/sangarkv.ee\/wp-content\/uploads\/2025\/02\/pexels-shkrabaanthony-6620970-scaled.jpg 1707w\" class=\"sp-image-block-zuarx3 custom-preview-class\" style=\"width: 1707%;\"><\/span><\/div>\n<div id=\"sp-image-dynamic-tags-js-zuarx3\"><script>jQuery(function() { image_dynamic_tags('zuarx3' );});<\/script><\/div>\n<\/figure>\n<\/div>\n<\/div>\n<div id=\"sp-zaqmto\" data-mobile-visibility=\"#sp-zaqmto|false\" data-tablet-visibility=\"#sp-zaqmto|false\" data-desktop-visibility=\"#sp-zaqmto|false\" data-mobile-css=\"\" data-tablet-css=\"\" class=\"sp-el-row sp-w-full  sp-m-auto sm:sp-flex sp-justify-between\" style=\"padding: 0px; width: auto; max-width: 1000px; margin-top: 40px;\">\n<div id=\"sp-homcbp\" data-mobile-visibility=\"#sp-homcbp|false\" data-tablet-visibility=\"#sp-homcbp|false\" data-desktop-visibility=\"#sp-homcbp|false\" data-mobile-css=\"\" data-tablet-css=\"\" class=\"sp-el-col  sp-w-full\" style=\"width: calc(50% + 0px);\">\n<figure id=\"sp-scrwn3\" data-mobile-css=\"#sp-scrwn3|text-align:center;\" data-tablet-css=\"#sp-scrwn3|text-align:center;\" class=\"sp-image-wrapper sp-el-block\" style=\"margin: 0px; text-align: center;\">\n<div><span><img loading=\"lazy\" decoding=\"async\" src=\"https:\/\/sangarkv.ee\/wp-content\/uploads\/2025\/02\/pexels-kenzero14-20885714-scaled.jpg\" alt=\"\" width=\"2560\" height=\"1701\" data-dynamic-tag=\"\" data-image-src=\"wpmedia\" data-mobile-visibility=\".sp-image-block-scrwn3|false\" data-tablet-visibility=\".sp-image-block-scrwn3|false\" data-desktop-visibility=\".sp-image-block-scrwn3|false\" srcset=\" https:\/\/sangarkv.ee\/wp-content\/uploads\/2025\/02\/pexels-kenzero14-20885714-150x150.jpg 150w, https:\/\/sangarkv.ee\/wp-content\/uploads\/2025\/02\/pexels-kenzero14-20885714-300x199.jpg 300w, https:\/\/sangarkv.ee\/wp-content\/uploads\/2025\/02\/pexels-kenzero14-20885714-1024x680.jpg 1024w, https:\/\/sangarkv.ee\/wp-content\/uploads\/2025\/02\/pexels-kenzero14-20885714-scaled.jpg 2560w\" class=\"sp-image-block-scrwn3 custom-preview-class\" style=\"width: 2560%;\"><\/span><\/div>\n<div id=\"sp-image-dynamic-tags-js-scrwn3\"><script>jQuery(function() { image_dynamic_tags('scrwn3' );});<\/script><\/div>\n<\/figure>\n<\/div>\n<div id=\"sp-ouvkvr\" data-mobile-visibility=\"#sp-ouvkvr|false\" data-tablet-visibility=\"#sp-ouvkvr|false\" data-desktop-visibility=\"#sp-ouvkvr|false\" data-mobile-css=\"\" data-tablet-css=\"\" class=\"sp-el-col  sp-w-full\" style=\"width: calc(50% + 0px);\">\n<div id=\"sp-duean5\" data-mobile-css=\"#sp-duean5|height:40px;\" data-tablet-css=\"#sp-duean5|height:10px;\" class=\"sp-spacer\" style=\"height: 60px;\"><\/div>\n<p><span href=\"\" target=\"\" rel=\"\" class=\"sp-header-block-link\" style=\"text-decoration: none;\"><\/p>\n<h3 id=\"sp-exvr8f\" data-mobile-css=\".sp-headline-block-exvr8f, #sp-exvr8f, #exvr8f|text-align:center;\" data-tablet-css=\".sp-headline-block-exvr8f, #sp-exvr8f, #exvr8f|text-align:center;\" data-mobile-visibility=\".sp-headline-block-exvr8f|false\" data-tablet-visibility=\".sp-headline-block-exvr8f|false\" data-desktop-visibility=\".sp-headline-block-exvr8f|false\" class=\"sp-css-target sp-el-block sp-headline-block-exvr8f sp-type-header\" style=\"font-size: 36px; text-align: left; margin: 19px 0px 0px;\">KKK (Frequently Asked Questions)<\/h3>\n<p><\/span><\/p>\n<div id=\"sp-t01s19\" data-mobile-css=\".sp-text-wrapper-t01s19, #sp-t01s19, #t01s19|text-align:left;\" data-tablet-css=\".sp-text-wrapper-t01s19, #sp-t01s19, #t01s19|text-align:left;\" data-mobile-visibility=\".sp-text-wrapper-t01s19|false\" data-tablet-visibility=\".sp-text-wrapper-t01s19|false\" data-desktop-visibility=\".sp-text-wrapper-t01s19|false\" class=\"sp-css-target sp-text-wrapper sp-el-block sp-text-wrapper-t01s19\" style=\"margin: 0px; text-align: left;\">\n<ul>\n<li style=\"text-align: left;\" data-start=\"1739\" data-end=\"1853\"><em data-start=\"1741\" data-end=\"1777\">Milline on minimaalne \u00fc\u00fcriperiood?<\/em> \u2013 Tavaliselt alates 6 kuud, kokkuleppel v\u00f5imalik l\u00fchem v\u00f5i pikem periood.<\/li>\n<\/ul>\n<p>&nbsp;<\/p>\n<ul>\n<li style=\"text-align: left;\" data-start=\"1857\" data-end=\"1962\"><em data-start=\"1859\" data-end=\"1893\">Kas ruumid on koheselt saadaval?<\/em> \u2013 M\u00f5ned pinnad on kohe vabad, teiste puhul kehtib etteteatamisaeg.<\/li>\n<\/ul>\n<p>&nbsp;<\/p>\n<ul>\n<li style=\"text-align: left;\" data-start=\"1966\" data-end=\"2069\"><em data-start=\"1968\" data-end=\"2006\">Kas \u00fc\u00fcrihind sisaldab k\u00f5rvalkulusid?<\/em> \u2013 Ei, k\u00f5rvalkulud arvestatakse eraldi vastavalt tarbimisele.<\/li>\n<\/ul>\n<\/div>\n<div id=\"sp-button-parent-qvz8av\" data-mobile-css=\"#sp-button-parent-qvz8av|text-align:center;\" data-tablet-css=\"#sp-button-parent-qvz8av|text-align:center;\" class=\"sp-button-wrapper sp-el-block\" style=\"margin: 18px 0px 0px;\"><a href=\"https:\/\/sangarkv.ee\/?page_id=42\" id=\"sp-qvz8av\" data-mobile-css=\"\" data-tablet-css=\"\" data-mobile-visibility=\".sp-button-qvz8av|false\" data-tablet-visibility=\".sp-button-qvz8av|false\" data-desktop-visibility=\".sp-button-qvz8av|false\" target=\"\" rel=\"\" class=\"sp-button sp-css-target sp-text-center sp-inline-block sp-leading-none sp-button-qvz8av\" style=\"text-transform: uppercase; font-size: 22px; background: linear-gradient(-180deg, rgb(158, 158, 158), rgb(140, 140, 140) 90%); color: rgb(255, 255, 255); width: 100%; padding: 16px 20px; border-radius: 4px; box-shadow: rgba(255, 255, 255, 0.2) 0px 1px 0px inset;\"><span>V\u00f5ta \u00fchendust<\/span><span><span id=\"sp-button-sub-text-qvz8av\" data-mobile-css=\"\" data-tablet-css=\"\" class=\"sp-button-sub-txt sp-block sp-mt-1 sp-opacity-75\" style=\"font-size: 16px; line-height: 1;\">Kontakt vorm avaneb<\/span><\/span><\/a><\/div>\n<\/div>\n<\/div>\n<div id=\"sp-j6ef4k\" data-mobile-visibility=\"#sp-j6ef4k|false\" data-tablet-visibility=\"#sp-j6ef4k|false\" data-desktop-visibility=\"#sp-j6ef4k|false\" data-mobile-css=\"\" data-tablet-css=\"\" class=\"sp-el-row sp-w-full  sp-m-auto sm:sp-flex sp-justify-between\" style=\"padding: 0px; width: auto; max-width: 1000px;\">\n<div id=\"sp-uyn1sv\" data-mobile-visibility=\"#sp-uyn1sv|false\" data-tablet-visibility=\"#sp-uyn1sv|false\" data-desktop-visibility=\"#sp-uyn1sv|false\" data-mobile-css=\"\" data-tablet-css=\"\" class=\"sp-el-col  sp-w-full\" style=\"width: calc(100% + 0px);\">\n<div id=\"sp-ad1czd\" data-mobile-css=\"#sp-ad1czd|height:40px;\" data-tablet-css=\"#sp-ad1czd|height:10px;\" class=\"sp-spacer\" style=\"height: 60px;\"><\/div>\n<div id=\"sp-v4v049\" data-mobile-css=\".sp-text-wrapper-v4v049, #sp-v4v049, #v4v049|text-align:left;\" data-tablet-css=\".sp-text-wrapper-v4v049, #sp-v4v049, #v4v049|text-align:left;\" data-mobile-visibility=\".sp-text-wrapper-v4v049|false\" data-tablet-visibility=\".sp-text-wrapper-v4v049|false\" data-desktop-visibility=\".sp-text-wrapper-v4v049|false\" class=\"sp-css-target sp-text-wrapper sp-el-block sp-text-block-style sp-text-wrapper-v4v049\" style=\"margin: 0px; text-align: left;\">\n<ul>\n<li>Sangar Kinnisvara O\u00dc<\/li>\n<li>Reg nr: 16050046<\/li>\n<li>Haldusjuht: Vahur Nikopensius<\/li>\n<li>Tel. +372 510 4525<\/li>\n<li id=\"sp-ec10lm\" class=\"sp-css-target sp-text-wrapper sp-el-block sp-text-wrapper-ec10lm\">\n<p><a href=\"mailto:info@sangarkv.ee\">info@sangarkv.ee<\/a><\/p>\n<\/li>\n<\/ul>\n<\/div>\n<\/div>\n<\/div>\n<\/section>\n<\/div>\n","protected":false},"excerpt":{"rendered":"<p>Sangar kinnisvara Pakume kaasaegseid ja funktsionaalseid \u00e4riruume soodsate hindadega alates 5-6 \u20ac\/m\u00b2 K\u00f5ik mis sulle vaja on siin Hea asukoht ja ligip\u00e4\u00e4setavus Erinevad suurused ja paindlikud lahendused Konkurentsiv\u00f5imelised hinnad Kohene sissekolimise v\u00f5imalus &nbsp; Vaata pakkumisiV\u00f5ta \u00fchendust Asukoht &amp; Kontakt (Location &amp; Contact) Google Maps kaart Kliki Siia Aadress: S\u00f5pruse pst 2\/1, 50703 Tartu linn Telefon: [&hellip;]<\/p>\n","protected":false},"author":1,"featured_media":0,"parent":0,"menu_order":0,"comment_status":"closed","ping_status":"closed","template":"","meta":{"footnotes":""},"class_list":["post-102","page","type-page","status-publish","hentry"],"_links":{"self":[{"href":"https:\/\/sangarkv.ee\/index.php?rest_route=\/wp\/v2\/pages\/102","targetHints":{"allow":["GET"]}}],"collection":[{"href":"https:\/\/sangarkv.ee\/index.php?rest_route=\/wp\/v2\/pages"}],"about":[{"href":"https:\/\/sangarkv.ee\/index.php?rest_route=\/wp\/v2\/types\/page"}],"author":[{"embeddable":true,"href":"https:\/\/sangarkv.ee\/index.php?rest_route=\/wp\/v2\/users\/1"}],"replies":[{"embeddable":true,"href":"https:\/\/sangarkv.ee\/index.php?rest_route=%2Fwp%2Fv2%2Fcomments&post=102"}],"version-history":[{"count":24,"href":"https:\/\/sangarkv.ee\/index.php?rest_route=\/wp\/v2\/pages\/102\/revisions"}],"predecessor-version":[{"id":145,"href":"https:\/\/sangarkv.ee\/index.php?rest_route=\/wp\/v2\/pages\/102\/revisions\/145"}],"wp:attachment":[{"href":"https:\/\/sangarkv.ee\/index.php?rest_route=%2Fwp%2Fv2%2Fmedia&parent=102"}],"curies":[{"name":"wp","href":"https:\/\/api.w.org\/{rel}","templated":true}]}}